{"id":43,"date":"2020-01-27T18:34:21","date_gmt":"2020-01-27T17:34:21","guid":{"rendered":"http:\/\/000my000.eu\/?page_id=43"},"modified":"2020-06-16T10:39:14","modified_gmt":"2020-06-16T08:39:14","slug":"mesmerize","status":"publish","type":"page","link":"https:\/\/000my000.eu\/","title":{"rendered":"Front Page"},"content":{"rendered":"<div  data-label=\"Slovo zenicha\" data-id=\"about--3\" data-export-id=\"about-4\" data-category=\"about\" class=\"about-4 content-section content-section-spacing\" id=\"slovo-zenicha\" style=\"background-color: rgb(255, 255, 255);\">\n<div  class=\"gridContainer\">\n<div  class=\"row middle-sm text-center\">\n<div  class=\"col-sm-5 space-bottom-xs\" data-type=\"column\">\n<h2  class=\"\">Informace<\/h2>\n<p  class=\"\">D\u011bkujeme, \u017ee jste si to s n\u00e1mi u\u017eili \ud83d\ude42 Teda aspo\u0148 my jsme si to fakt moc u\u017eili, tak douf\u00e1m, \u017ee i vy \ud83d\ude00<\/p>\n<p><br >Dole na str\u00e1nce naleznete odkazy na fotky. Zat\u00edm je tam ochutn\u00e1vka od fotografa, dal\u0161\u00ed budou p\u0159ib\u00fdvat, jak bude m\u00edt fotograf \u010das \ud83d\ude42&nbsp;<\/p>\n<p><br >Cht\u011bli bychom v\u00e1s poprosit i o sd\u00edlen\u00ed va\u0161ich z\u00e1b\u011br\u016f a vide\u00ed, kter\u00e1 b\u011bhem dne vznikla.<\/p>\n<\/p><\/div>\n<div  class=\"col-sm-7 flexbox center-xs middle-xs image-group-2-img\"> <img decoding=\"async\"  class=\"img-1 shadow-large\" data-size=\"250x200\" src=\"https:\/\/000my000.eu\/wp-content\/uploads\/2020\/01\/20190504_064041732_iOS-rotated.jpg\" alt=\"\" title=\"20190504_064041732_iOS\"> <img decoding=\"async\"  class=\"img-2 shadow-large\" data-size=\"220x170\" src=\"https:\/\/000my000.eu\/wp-content\/uploads\/2020\/01\/cropped-DSC_0026-2.jpg\" alt=\"\" title=\"cropped-DSC_0026-2.jpg\"><\/div>\n<\/p><\/div>\n<\/div><\/div>\n<div  data-label=\"Za jak dlouho\" data-id=\"content--1\" data-export-id=\"content-12\" data-category=\"content\" class=\"content-12 content-section content-section-spacing\" id=\"za-jak-dlouho\" style=\"background-color: rgb(245, 250, 253);\" data-bullets-visibility=\"true\">\n<div  class=\"gridContainer\">\n<div  class=\"row text-center\">\n<div  class=\"section-title-col\" data-type=\"column\">\n<h2  class=\"\">U\u017e to m\u00e1me za sebou \ud83d\ude00<\/h2>\n<p> &nbsp;<\/p><\/div>\n<\/p><\/div>\n<div  class=\"row center-xs middle-xs\">\n<div  class=\"col-sm-9\" data-type=\"column\"> <\/div>\n<\/p><\/div>\n<\/div><\/div>\n<div  data-label=\"Kde to bude\" data-id=\"content--2\" data-export-id=\"content-7-mc\" data-category=\"content\" class=\"content-7-mc content-section content-section-spacing\" id=\"kde-to-bude\" style=\"background-color: rgb(255, 255, 255); background-image: none;\" data-bullets-visibility=\"true\">\n<div  class=\"gridContainer\">\n<div  class=\"row middle-sm\">\n<div  class=\"col-sm-6 space-bottom-xs\" data-type=\"column\">\n<h2  class=\"\">Kde to bylo?<\/h2>\n<p  class=\"\">&nbsp;<\/p>\n<p><br >Vina\u0159stv\u00ed HANZEL, s.r.o.<br >Malinovsk\u00e9ho 377\/33<br >671 72 Miroslav<\/p>\n<p> <a class=\"link\" href=\"https:\/\/www.vinarstvihanzel.cz\" target=\"_blank\" data-cp-link=\"1\" rel=\"noopener noreferrer\">Vina\u0159stv\u00ed Hanzel<\/a><a class=\"link\" href=\"https:\/\/mesto-miroslav.cz\/index.asp\" target=\"_blank\" data-cp-link=\"1\" rel=\"noopener noreferrer\">M\u011bsto Miroslav<\/a><a class=\"link\" href=\"https:\/\/cs.wikipedia.org\/wiki\/Miroslav_(okres_Znojmo)\" target=\"_blank\" data-cp-link=\"1\" rel=\"noopener noreferrer\">(Wikipedia)<\/a><\/div>\n<div  class=\"col-sm-6\" data-type=\"column\">\n<p  class=\"lead\"><iframe loading=\"lazy\"  src=\"https:\/\/api.mapy.cz\/frame?params=%7B%22x%22%3A16.31643465931423%2C%22y%22%3A48.94737250748683%2C%22base%22%3A%221%22%2C%22layers%22%3A%5B%5D%2C%22zoom%22%3A16%2C%22url%22%3A%22https%3A%2F%2Fen.mapy.cz%2Fs%2Fpolesozamo%22%2C%22mark%22%3A%7B%22x%22%3A%2216.31643465931423%22%2C%22y%22%3A%2248.94737250748683%22%2C%22title%22%3A%22Malinovsk%C3%A9ho%20377%2F33%2C%20Miroslav%22%7D%2C%22overview%22%3Atrue%7D&amp;width=100%&amp;height=280&amp;lang=en\" width=\"100%\" height=\"280\" frameborder=\"0\"><\/iframe><\/p>\n<\/div><\/div>\n<\/div><\/div>\n<div  id=\"team-1\" style=\"background-color: #ffffff;\" data-label=\"Team\" data-id=\"team-5-mc\" data-export-id=\"team-5-mc\" data-bullets-visibility=\"true\" data-category=\"team\" class=\"team-5-mc content-section content-section-spacing\">\n<div  class=\"gridContainer\">\n<div  class=\"row text-center\">\n<div  class=\"section-title-col\" data-type=\"column\">\n<h2  class=\"\">O kom to vlastn\u011b bylo?<\/h2>\n<\/p><\/div>\n<\/p><\/div>\n<div  class=\"row spaced-cols content-center-sm center-sm\" data-type=\"row\">\n<div  class=\"col-xs-12 col-sm-6 col-md-3 col-padding\">\n<div  class=\"row \">\n<div  data-type=\"column\" class=\"col-xs-12 col-sm-12\"> <img decoding=\"async\"  class=\"round face\" src=\"https:\/\/000my000.eu\/wp-content\/uploads\/2020\/01\/cropped-Petra.jpg\" alt=\"\" title=\"cropped-Petra.jpg\"> <\/p>\n<h4  class=\"font-500\">Petra \u0160karkov\u00e1<\/h4>\n<p  class=\"italic\">nev\u011bsta<\/p>\n<div  class=\"social-icons-group\" data-type=\"group\"> <a href=\"#\" target=\"_self\" data-reiki-hidden=\"true\" rel=\"noopener noreferrer\"><i  class=\"gray fa icon fa-facebook-square\"><\/i><\/a> <a href=\"#\" target=\"_self\" data-reiki-hidden=\"true\" rel=\"noopener noreferrer\"><i  class=\"gray fa icon fa-twitter-square\"><\/i><\/a> <a href=\"#\" target=\"_self\" data-reiki-hidden=\"true\" rel=\"noopener noreferrer\"><i  class=\"gray fa icon fa-linkedin-square\"><\/i><\/a> <a href=\"#\" target=\"_self\" data-reiki-hidden=\"true\" rel=\"noopener noreferrer\"><i  class=\"gray fa icon fa-google-plus-square\"><\/i><\/a><\/div>\n<p  class=\"lead\"><b >Brno<\/b><\/p>\n<\/div>\n<\/div><\/div>\n<div  class=\"col-xs-12 col-sm-6 col-md-3 col-padding\">\n<div  class=\"row \">\n<div  data-type=\"column\" class=\"col-xs-12 col-sm-12\"> <img decoding=\"async\"  class=\"round face\" src=\"https:\/\/000my000.eu\/wp-content\/uploads\/2020\/01\/cropped-David-scaled-1.jpg\" alt=\"\" title=\"cropped-David-scaled-1.jpg\"> <\/p>\n<h4  class=\"font-500\">David \u0160karka<\/h4>\n<p  class=\"italic\">\u017eenich<\/p>\n<div  class=\"social-icons-group\" data-type=\"group\"> <a href=\"#\" target=\"_self\" data-reiki-hidden=\"true\" rel=\"noopener noreferrer\"><i  class=\"gray fa icon fa-facebook-square\"><\/i><\/a> <a href=\"#\" target=\"_self\" data-reiki-hidden=\"true\" rel=\"noopener noreferrer\"><i  class=\"gray fa icon fa-twitter-square\"><\/i><\/a> <a href=\"#\" target=\"_self\" data-reiki-hidden=\"true\" rel=\"noopener noreferrer\"><i  class=\"gray fa icon fa-linkedin-square\"><\/i><\/a> <a href=\"#\" target=\"_self\" data-reiki-hidden=\"true\" rel=\"noopener noreferrer\"><i  class=\"gray fa icon fa-google-plus-square\"><\/i><\/a><\/div>\n<p  class=\"lead\"><b >Tanvald\/Praha<\/b><\/p>\n<\/div>\n<\/div><\/div>\n<\/p><\/div>\n<\/p><\/div>\n<\/div>\n<div  data-label=\"Svatebni dary\" data-id=\"content--3\" data-export-id=\"content-2\" data-category=\"content\" class=\"content-2 content-section content-section-spacing\" id=\"svatebni-dary\" style=\"background-color: rgb(245, 250, 253); background-image: none;\">\n<div >\n<div  class=\"row middle-xs\">\n<div  class=\"col-sm-5 bg-image shadow-large-black\" data-bg=\"image\" style=\"background-image: url(&quot;https:\/\/000my000.eu\/wp-content\/uploads\/2020\/01\/DSC_0192-rotated.jpg&quot;);\"><\/div>\n<div  class=\"col-sm-7 full-col-left-padding full-col-right-padding\">\n<div  class=\"row\">\n<div  data-type=\"column\" class=\"space-bottom-small content-title-col\">\n<h2  class=\"\">Svatebn\u00ed dary<\/h2>\n<p  class=\"\">D\u011aKUJEME V\u0160EM za p\u0159ekr\u00e1sn\u00e9 svatebn\u00ed dary ve v\u0161ech podob\u00e1ch, od pras\u00e1tek, pokladnic, krabic p\u0159es pomocn\u00edky do dom\u00e1cnosti ( \ud83d\ude42 ) a\u017e po kv\u011btiny, vouchery a hry na dlouh\u00e9 letn\u00ed ve\u010dery. V\u0161echny si je moc u\u017e\u00edv\u00e1me \ud83d\ude42<\/p>\n<\/div><\/div>\n<div  class=\"row spaced-cols \" data-type=\"row\">\n<div  class=\"col-xs-6\" data-type=\"column\"> <\/div>\n<\/p><\/div>\n<\/div><\/div>\n<\/div><\/div>\n<div  data-label=\"Fotky\" data-id=\"about--2\" data-export-id=\"about-1\" data-category=\"about\" class=\"about-1 content-section\" id=\"fotky\" style=\"background-color: rgb(245, 250, 253);\" data-bullets-visibility=\"true\">\n<div  class=\"gridContainer\">\n<div  class=\"row text-center\">\n<div  class=\"section-title-col\" data-type=\"column\">   <\/div>\n<\/p><\/div>\n<div  class=\"row\">\n<div  class=\"button-holder space-bottom space-bottom-small\" data-type=\"column\"> <a class=\"link\" href=\"https:\/\/photos.app.goo.gl\/BBuJsPyNa6h2yBDy7\" target=\"_blank\" data-cp-link=\"1\" rel=\"noopener noreferrer\">Ofici\u00e1ln\u00ed fotky<\/a><\/p>\n<h1 class=\"\" ><\/h1>\n<p><a class=\"link\" href=\"https:\/\/photos.app.goo.gl\/83ywX1MmY7xoiyh2A\" target=\"_blank\" data-cp-link=\"1\" rel=\"noopener noreferrer\">Sem pros\u00edme nahr\u00e1t va\u0161e fotky, o kter\u00e9 se chcete pod\u011blit \ud83d\ude42<\/a><\/div>\n<div  class=\"col-xs bottom-xs flexbox image-group-bottom-3-img space-bottom-xs center-xs\"> <img decoding=\"async\"  class=\"left-img shadow-large-black\" data-size=\"500x300\" src=\"https:\/\/000my000.eu\/wp-content\/uploads\/2020\/01\/20190501_114602492_iOS-rotated.jpg\" alt=\"\" title=\"20190501_114602492_iOS\"> <img decoding=\"async\"  class=\"center-img shadow-large-black\" data-size=\"500x300\" src=\"https:\/\/000my000.eu\/wp-content\/uploads\/2020\/01\/20190429_042952264_iOS-rotated.jpg\" alt=\"\" title=\"20190429_042952264_iOS\"> <img decoding=\"async\"  class=\"right-img shadow-large-black\" data-size=\"500x300\" src=\"https:\/\/000my000.eu\/wp-content\/uploads\/2020\/01\/IMG_4673.jpg\" alt=\"\" title=\"IMG_4673\"><\/div>\n<\/p><\/div>\n<\/div><\/div>\n","protected":false},"excerpt":{"rendered":"<p>Informace D\u011bkujeme, \u017ee jste si to s n\u00e1mi u\u017eili \ud83d\ude42 Teda aspo\u0148 my jsme si to fakt moc u\u017eili, tak douf\u00e1m, \u017ee i vy \ud83d\ude00 Dole na str\u00e1nce naleznete odkazy na fotky. Zat\u00edm je tam ochutn\u00e1vka od fotografa, dal\u0161\u00ed budou p\u0159ib\u00fdvat, jak bude m\u00edt fotograf \u010das \ud83d\ude42&nbsp; Cht\u011bli bychom v\u00e1s poprosit i o sd\u00edlen\u00ed va\u0161ich z\u00e1b\u011br\u016f a vide\u00ed, kter\u00e1 b\u011bhem dne vznikla. U\u017e to m\u00e1me za sebou \ud83d\ude00 &nbsp; Kde to bylo? &nbsp; Vina\u0159stv\u00ed HANZEL, s.r.o.Malinovsk\u00e9ho 377\/33671 72 Miroslav Vina\u0159stv\u00ed HanzelM\u011bsto Miroslav(Wikipedia) O kom to vlastn\u011b bylo? Petra \u0160karkov\u00e1 nev\u011bsta Brno David \u0160karka \u017eenich Tanvald\/Praha Svatebn\u00ed dary D\u011aKUJEME V\u0160EM za p\u0159ekr\u00e1sn\u00e9 svatebn\u00ed dary ve v\u0161ech podob\u00e1ch, od pras\u00e1tek, pokladnic, krabic p\u0159es pomocn\u00edky do dom\u00e1cnosti ( \ud83d\ude42 ) a\u017e po kv\u011btiny, vouchery a hry na dlouh\u00e9 letn\u00ed ve\u010dery. V\u0161echny si je moc u\u017e\u00edv\u00e1me \ud83d\ude42 Ofici\u00e1ln\u00ed fotky Sem pros\u00edme nahr\u00e1t va\u0161e fotky, o kter\u00e9 se chcete pod\u011blit \ud83d\ude42<\/p>\n","protected":false},"author":2,"featured_media":0,"parent":0,"menu_order":0,"comment_status":"closed","ping_status":"closed","template":"page-templates\/homepage.php","meta":{"footnotes":""},"class_list":["post-43","page","type-page","status-publish","hentry"],"jetpack_sharing_enabled":true,"_links":{"self":[{"href":"https:\/\/000my000.eu\/index.php?rest_route=\/wp\/v2\/pages\/43","targetHints":{"allow":["GET"]}}],"collection":[{"href":"https:\/\/000my000.eu\/index.php?rest_route=\/wp\/v2\/pages"}],"about":[{"href":"https:\/\/000my000.eu\/index.php?rest_route=\/wp\/v2\/types\/page"}],"author":[{"embeddable":true,"href":"https:\/\/000my000.eu\/index.php?rest_route=\/wp\/v2\/users\/2"}],"replies":[{"embeddable":true,"href":"https:\/\/000my000.eu\/index.php?rest_route=%2Fwp%2Fv2%2Fcomments&post=43"}],"version-history":[{"count":91,"href":"https:\/\/000my000.eu\/index.php?rest_route=\/wp\/v2\/pages\/43\/revisions"}],"predecessor-version":[{"id":328,"href":"https:\/\/000my000.eu\/index.php?rest_route=\/wp\/v2\/pages\/43\/revisions\/328"}],"wp:attachment":[{"href":"https:\/\/000my000.eu\/index.php?rest_route=%2Fwp%2Fv2%2Fmedia&parent=43"}],"curies":[{"name":"wp","href":"https:\/\/api.w.org\/{rel}","templated":true}]}}